{"id":31,"date":"2022-04-27T07:40:17","date_gmt":"2022-04-27T10:40:17","guid":{"rendered":"https:\/\/tribodeestrelas.com.br\/?page_id=31"},"modified":"2026-03-11T19:50:52","modified_gmt":"2026-03-11T22:50:52","slug":"principal","status":"publish","type":"page","link":"https:\/\/tribodeestrelas.com.br\/","title":{"rendered":"Principal"},"content":{"rendered":"<div id=\"cs-content\" class=\"cs-content\"  >\n<div class=\"e31-1 x-section\">\n    \n  \n<div class=\"e31-2 x-row x-container max width\">\n    <div class=\"x-row-inner\">\n<div class=\"e31-3 x-col\">\n    \n<div class=\"e31-4 x-frame x-frame-video-embed\">\n  <div class=\"x-frame-inner\">\n    <div class=\"e31-4 x-video x-video-embed\"><div class=\"x-resp-embed x-is-video x-is-youtube\"><iframe title=\"Tribo de Estrelas e o despertar do Ser.\" width=\"974\" height=\"548\" src=\"https:\/\/www.youtube.com\/embed\/nKTbG5cLQk8?feature=oembed\" frameborder=\"0\" allow=\"accelerometer; autoplay; clipboard-write; encrypted-media; gyroscope; picture-in-picture; web-share\" allowfullscreen><\/iframe><\/div><\/div>  <\/div>\n<\/div>\n\n<hr class=\"e31-5 x-line\">\n<h2  class=\"h-custom-headline cs-ta-center mtn h3 accent\" ><span>Seja bem vindo a Tribo<\/span><\/h2>  <\/div>\n<\/div>\n  <\/div>\n\n<div class=\"e31-7 x-row x-container max width\">\n    <div class=\"x-row-inner\">\n<div class=\"e31-8 x-col\">\n    \n<div class=\"e31-9 x-text\">\n  <p>A Tribo de Estrelas &eacute; algo diferente de tudo que voc&ecirc; j&aacute; viu! Realizamos retiros mensais, day use ou visitas guiadas, aos s&aacute;bados, domingos e feriados. Tamb&eacute;m locamos o espa&ccedil;o para eventos de terceiros. O visitante ou o participante dos retiros percorre o Caminho entre Jardins, ornamentados com est&aacute;tuas de muitas religi&otilde;es e faz a trilha &ldquo;Muito Al&eacute;m do Caminho&rdquo;, ambos comentados, o que proporciona contatar parte da filosofia que enfatiza a espiritualidade consciente, tudo isso dentro da mata atl&acirc;ntica.<\/p>\n<p>Os Retiros na Tribo de Estrelas v&atilde;o muito al&eacute;m das viv&ecirc;ncias que cabem em um &uacute;nico fim de semana. S&atilde;o espa&ccedil;os de redefini&ccedil;&otilde;es sobre religiosidade, espiritualidade e f&eacute;. N&atilde;o confrontam suas cren&ccedil;as, mas modificam seu olhar sobre seus dilemas, dons e predicados interiores. H&aacute; um templo em cada escala do tempo meditativo, reflexivo, silencioso e sublime, porque as viv&ecirc;ncias abrangem uma quantidade de sensa&ccedil;&otilde;es e est&iacute;mulos, que superam expectativas e modificam muitas perspectivas.<\/p>\n<p>Voc&ecirc; medita, contempla e se encanta. Voc&ecirc; observa, sente o vento, ouve os sinos, aprende, apreende e se inspira. Voc&ecirc; respira o ar da mata, toca a terra, v&ecirc; os p&aacute;ssaros, sente a chuva ou capta o nascer e p&ocirc;r do sol. Seu inconsciente dialoga com sua Consci&ecirc;ncia, por meio dos Jogos Transformativos, das atividades no ateli&ecirc;, na cozinha, na horta e no pomar.<\/p>\n<p>N&atilde;o &eacute; sobre religi&atilde;o ou espiritualidade, &eacute; sobre estar no mundo da melhor forma poss&iacute;vel, tendo ou n&atilde;o religi&atilde;o ou seguindo alguma doutrina. &Eacute; sobre voc&ecirc; com o Cosmo, a partir do seu autocuidado e do seu autoconhecimento. A palavra Retiro n&atilde;o define o que acontece na tribo de Estrelas. Viv&ecirc;ncias tamb&eacute;m n&atilde;o. &Eacute; algo inexplic&aacute;vel e surpreendente que s&oacute; se entende experimentando.<\/p>\n<p>H&aacute; sess&otilde;es de Massagens, pagas &agrave; parte, que podem complementar seu bem estar. Temos tamb&eacute;m biblioteca, sala de proje&ccedil;&atilde;o, bancos espalhados pelos jardins para contemplar e relaxar ao ar puro da mata. O Templo, aberto o dia inteiro, fomenta um despertar sagrado. As Dan&ccedil;as Circulares encerram sua estadia em clima de festa, alegria e emo&ccedil;&atilde;o. As acomoda&ccedil;&otilde;es, embora simples, s&atilde;o bastante confort&aacute;veis. As refei&ccedil;&otilde;es seguem um padr&atilde;o caseiro. O objetivo &eacute; devolver voc&ecirc; &agrave; sua rotina, preenchido de emo&ccedil;&atilde;o, alegria, inspira&ccedil;&atilde;o e bem estar!<\/p><\/div>\n  <\/div>\n<\/div>\n  <\/div>\n\n<div class=\"e31-10 x-row x-container max width\">\n  \n  <div class=\"x-row-inner\">\n<div class=\"e31-11 x-col\">\n    \n<span class=\"e31-12 x-image\">\n  <img src=\"https:\/\/tribodeestrelas.com.br\/wp-content\/uploads\/2023\/04\/IMG_20221113_113826.jpg\" width=\"960\" height=\"540\" alt=\"Image\" loading=\"lazy\">\n<\/span>\n<hr  class=\"x-gap\" style=\"margin: 15px 0 0 0;\"><a class=\"e31-14 x-anchor x-anchor-button\" tabindex=\"0\" href=\"https:\/\/tribodeestrelas.com.br\/index.php\/a-tribo\/https:\/\/tribodeestrelas.com.br\/index.php\/a-tribo\/\"><div class=\"x-anchor-content\"><div class=\"x-anchor-text\"><span class=\"x-anchor-text-primary\">Quem somos<\/span><\/div><\/div><\/a>  <\/div>\n\n<div class=\"e31-15 x-col\">\n    \n<span class=\"e31-16 x-image\">\n  <img src=\"https:\/\/tribodeestrelas.com.br\/wp-content\/uploads\/2022\/12\/IMG_20221113_123852-scaled.jpg\" width=\"1280\" height=\"720.5\" alt=\"Image\" loading=\"lazy\">\n<\/span>\n<hr  class=\"x-gap\" style=\"margin: 15px 0 0 0;\"><a class=\"e31-18 x-anchor x-anchor-button\" tabindex=\"0\" href=\"https:\/\/tribodeestrelas.com.br\/index.php\/calendario\/\"><div class=\"x-anchor-content\"><div class=\"x-anchor-text\"><span class=\"x-anchor-text-primary\">RETIROS<\/span><\/div><\/div><\/a>  <\/div>\n<\/div>\n  <\/div>\n    <\/div>\n\n<div class=\"e31-19 x-section\">\n  \n<span class=\"x-separator-top-angle-in\" style=\"top: 0px; height: 25px; color: rgb(89, 32, 107);\" aria-hidden=\"true\">\n  <svg class=\"angle-top-in\" style=\"fill: currentColor;\" xmlns=\"http:\/\/www.w3.org\/2000\/svg\" version=\"1.1\" viewBox=\"0 0 100 100\" preserveAspectRatio=\"none\"><polygon points=\"0,100 50,100 0,0\"\/><polygon points=\"50,100 100,100 100,0\"\/><\/svg><\/span>\n    \n<div class=\"e31-20 x-row x-container max width\">\n    <div class=\"x-row-inner\">\n<div class=\"e31-21 x-col\">\n    <img  class=\"x-img x-img-thumbnail\"  src=\"https:\/\/tribodeestrelas.com.br\/wp-content\/uploads\/2022\/04\/IMG_20211106_100421-scaled-e1671631616936.jpg\" >  <\/div>\n\n<div class=\"e31-23 x-col\">\n    <h2  class=\"h-custom-headline cs-ta-left mtn h4\" style=\"color: hsl(299, 72%, 92%);\"><span>A Tribo de Estrelas \u00e9 algo diferente de tudo que voc\u00ea j\u00e1 viu!<\/span><\/h2>\n<div class=\"e31-25 x-text\">\n  <p>Apresentamos atividades para voc\u00ea interagir com os aspectos gerais das instala\u00e7\u00f5es do Parque Tem\u00e1tico Espiritualista. Aqui voc\u00ea percorre o Caminho entre Jardins, contata a filosofia e a espiritualidade consciente, por entre \u00e1rvores, flores e est\u00e1tuas. Pode tamb\u00e9m fazer a trilha Muito Al\u00e9m do Caminho, vendo a mata atl\u00e2ntica por dentro, indo at\u00e9 as nascentes que abastecem o espa\u00e7o com \u00e1gua mineral.<\/p>\n<\/div>\n  <\/div>\n<\/div>\n  <\/div>\n    <\/div>\n\n<div class=\"e31-26 x-section\">\n      \n<div class=\"e31-27 x-row x-container max width\">\n    <div class=\"x-row-inner\">\n<div class=\"e31-28 x-col\">\n    <img  class=\"x-img x-img-thumbnail\"  src=\"https:\/\/tribodeestrelas.com.br\/wp-content\/uploads\/2022\/04\/sala-massagens-2.jpg\" >  <\/div>\n\n<div class=\"e31-30 x-col\">\n    <h2  class=\"h-custom-headline cs-ta-left mtn h4\" style=\"color: hsl(299, 72%, 92%);\"><span>Auto conhecimento e bem-estar<\/span><\/h2>\n<div class=\"e31-32 x-text\">\n  Aos s\u00e1bados \u00e0 noite, aplicado gratuitamente, tem o famoso Jogo da Transforma\u00e7\u00e3o para um mergulho interno.\nH\u00e1 sess\u00f5es de Massagens, pagas \u00e0 parte, que podem \u00a0complementar seu bem estar.\nTemos tamb\u00e9m biblioteca, sala de proje\u00e7\u00e3o, bancos espalhados pelos jardins para contemplar e relaxar ao ar puro da mata.\nO Templo, aberto o dia inteiro, fomenta um despertar sagrado.\nAs Dan\u00e7as circulares encerram sua estadia em clima de festa, \u00a0alegria e emo\u00e7\u00e3o.\n<\/div>\n  <\/div>\n<\/div>\n  <\/div>\n    <\/div>\n\n<div class=\"e31-33 x-section\">\n      \n<div class=\"e31-34 x-row x-container max width\">\n    <div class=\"x-row-inner\">\n<div class=\"e31-35 x-col\">\n    <img  class=\"x-img x-img-thumbnail\"  src=\"https:\/\/tribodeestrelas.com.br\/wp-content\/uploads\/2022\/04\/IMG_20211106_122702-scaled-e1651266989919.jpg\" >  <\/div>\n\n<div class=\"e31-37 x-col\">\n    <h2  class=\"h-custom-headline cs-ta-left mtn h4\" style=\"color: hsl(299, 72%, 92%);\"><span>Comida feita com amor e simplicidade<\/span><\/h2>\n<div class=\"e31-39 x-text\">\n  Nossas acomoda\u00e7\u00f5es, embora simples s\u00e3o bastante confort\u00e1veis. Tentamos trazer o melhor do conforto aliado a simplicidade para que voc\u00ea tenha uma experi\u00eancia bastante desestressante.\nAs refei\u00e7\u00f5es seguem um padr\u00e3o caseiro. Nosso objetivo \u00e9 devolver voc\u00ea \u00e0 sua rotina, preenchido de emo\u00e7\u00e3o, alegria, inspira\u00e7\u00e3o e bem estar!\nAguardamos voc\u00ea em breve!!!!<\/div>\n  <\/div>\n<\/div>\n  <\/div>\n    <\/div>\n\n<div class=\"e31-40 x-section\">\n    \n  <div class=\"x-bg\" aria-hidden=\"true\">\n    <div class=\"x-bg-layer-lower-image\" data-x-element=\"bg_layer\" data-x-params=\"{&quot;parallaxSize&quot;:&quot;150%&quot;,&quot;parallaxDir&quot;:&quot;v&quot;,&quot;parallaxRev&quot;:false}\" style=\" background-image: url(https:\/\/tribodeestrelas.com.br\/wp-content\/uploads\/2022\/04\/IMG_20211226_161327-scaled.jpg); background-repeat: no-repeat; background-position: center; background-size: cover;\"><\/div>    <div class=\"x-bg-layer-upper-color\" style=\" background-color: rgba(0, 0, 0, 0.5);\"><\/div>  <\/div>\n  \n<div class=\"e31-41 x-row x-container max width\">\n    <div class=\"x-row-inner\">\n<div class=\"e31-42 x-col\">\n    <h2  class=\"h-custom-headline cs-ta-center mtn h3 accent\" style=\"color: hsl(0, 0%, 100%);\"><span>Onde estamos localizados<\/span><\/h2><hr  class=\"x-gap\" style=\"margin: 50px 0 0 0;\">  <\/div>\n<\/div>\n  <\/div>\n\n<div class=\"e31-45 x-row x-container max width\">\n    <div class=\"x-row-inner\">\n<div class=\"e31-46 x-col\">\n    <div class=\"x-text cs-ta-left\"  ><p><iframe src=\"https:\/\/www.google.com\/maps\/embed?pb=!1m18!1m12!1m3!1d87350.07034434962!2d-47.67741697500431!3d-24.041689698958752!2m3!1f0!2f0!3f0!3m2!1i1024!2i768!4f13.1!3m3!1m2!1s0x94c56fb521fe56a3%3A0xa7e32d390952ca62!2sPousada%20Templo%20Tribo%20De%20Estrelas!5e0!3m2!1spt-BR!2sbr!4v1651143467213!5m2!1spt-BR!2sbr\" width=\"100%\" height=\"400\" \"frameborder:1\" style=\"border:2;\" allowfullscreen=\"\" loading=\"lazy\" referrerpolicy=\"no-referrer-when-downgrade\"><\/iframe><\/p>\n<\/div>  <\/div>\n\n<div class=\"e31-48 x-col\">\n    \n<div class=\"e31-49 x-text\">\n  A Tribo de Estrelas fica ao sul da Serra de Paranapiacaba em de Tapira\u00ed, na \u00e1rea chamada Serra Negra dos Caetanos. O munic\u00edpio situa-se pr\u00f3ximo a Juqui\u00e1, no Vale do Ribeira e \u00a0Piedade, que faz divisa com a famosa Sorocaba. A caracter\u00edstica mais importante de Tapira\u00ed \u00e9 estar entre um dos remanescentes maci\u00e7os da Mata Atl\u00e2ntica, tendo 80% \u00a0de sua \u00e1rea tombada como \u00c1rea de Prote\u00e7\u00e3o Ambiental - APA e declarada Reserva da Biosfera pela UNESCO em 1992. \u00c9 vizinha da Reserva da Jur\u00e9ia e do Parque Estadual Carlos Botelho \u00e9 circunvizinho das cidades de Sete Barras, S\u00e3o Miguel Arcanjo, Tapira\u00ed e Cap\u00e3o Bonito. A neblina intensa nos dias frios de inverno e outono \u00e9 uma das principais atra\u00e7\u00f5es do lugar. O ecoturismo \u00e9 praticamente a \u00fanica atividade econ\u00f4mica da cidade.<\/div>\n  <\/div>\n<\/div>\n  <\/div>\n    <\/div>\n\n<div class=\"e31-50 x-section\">\n      \n<div class=\"e31-51 x-row x-container max width\">\n    <div class=\"x-row-inner\">\n<div class=\"e31-52 x-col\">\n    <h2  class=\"h-custom-headline mtn h3 accent\" ><span>Como chegar<\/span><\/h2>\n<div class=\"e31-54 x-text\">\n  <p>A melhor maneira de chegar at&eacute; a Tribo de Estrelas &eacute; se utilizar de um aplicativo de celular. O WAZE, por exemplo, o conduz at&eacute; a TPR 239 &ndash; Estrada Municipal Tribo de Estrelas, at&eacute; a porteira de entrada.<br \/>Poder&aacute; ir tanto pelas:<\/p>\n<p>BR116-R&eacute;gis Bitencourt (o pior),<br \/>SP250-Rod. Bunjiro Nakao (por dentro de Vargem Grande paulista, Ibi&uacute;na e Piedade),<br \/>SP270-Rod. Raposo Tavares (ideal para quem vem da regi&atilde;o de Pinheiros em S&atilde;o Paulo),<br \/>SP280-Rod. Castelo Branco.<br \/>Seu objetivo &eacute; a Rod. SP079 que liga Sorocaba &agrave; Juqui&aacute;.<\/p>\n<p>- Para quem vem pela Castelo Branco, Raposo Tavares ou &nbsp;Bunjiro Nakao, ap&oacute;s passar o centro da cidade de Tapira&iacute;, percorra 11 km at&eacute; o Km 164,5 da SP079, saia &agrave; direita na Estrada do Ch&aacute;,&nbsp; TPR222 (n&atilde;o pavimentada) e siga as placas por 11 km at&eacute; chegar &agrave; Tribo.<\/p>\n<p>- &nbsp;Para quem vem pela R&eacute;gis Bitencourt, ap&oacute;s tomar a SP079 e passar pelo famoso ponto de parada chamado &ldquo;Cabe&ccedil;a da Anta&rdquo;, percorra cerca de 4,6 km e, no Km164,5 da SP079, saia &agrave; esquerda na TPR222 e siga as placas at&eacute; a Tribo percorrendo 11 km<\/p><\/div>\n  <\/div>\n<\/div>\n  <\/div>\n    <\/div>\n<\/div>\n","protected":false},"excerpt":{"rendered":"<p>Seja bem vindo a Tribo A Tribo de Estrelas &eacute; algo diferente de tudo que &#8230; <a href=\"https:\/\/tribodeestrelas.com.br\/\" class=\"more-link\">Read More<\/a><\/p>\n","protected":false},"author":1,"featured_media":0,"parent":0,"menu_order":0,"comment_status":"closed","ping_status":"closed","template":"template-blank-4.php","meta":{"om_disable_all_campaigns":false,"_monsterinsights_skip_tracking":false,"_monsterinsights_sitenote_active":false,"_monsterinsights_sitenote_note":"","_monsterinsights_sitenote_category":0},"_links":{"self":[{"href":"https:\/\/tribodeestrelas.com.br\/index.php\/wp-json\/wp\/v2\/pages\/31"}],"collection":[{"href":"https:\/\/tribodeestrelas.com.br\/index.php\/wp-json\/wp\/v2\/pages"}],"about":[{"href":"https:\/\/tribodeestrelas.com.br\/index.php\/wp-json\/wp\/v2\/types\/page"}],"author":[{"embeddable":true,"href":"https:\/\/tribodeestrelas.com.br\/index.php\/wp-json\/wp\/v2\/users\/1"}],"replies":[{"embeddable":true,"href":"https:\/\/tribodeestrelas.com.br\/index.php\/wp-json\/wp\/v2\/comments?post=31"}],"version-history":[{"count":77,"href":"https:\/\/tribodeestrelas.com.br\/index.php\/wp-json\/wp\/v2\/pages\/31\/revisions"}],"predecessor-version":[{"id":748,"href":"https:\/\/tribodeestrelas.com.br\/index.php\/wp-json\/wp\/v2\/pages\/31\/revisions\/748"}],"wp:attachment":[{"href":"https:\/\/tribodeestrelas.com.br\/index.php\/wp-json\/wp\/v2\/media?parent=31"}],"curies":[{"name":"wp","href":"https:\/\/api.w.org\/{rel}","templated":true}]}}