{"id":303,"date":"2023-01-05T11:10:51","date_gmt":"2023-01-05T14:10:51","guid":{"rendered":"https:\/\/tribodeestrelas.com.br\/?page_id=303"},"modified":"2023-01-16T10:03:28","modified_gmt":"2023-01-16T13:03:28","slug":"linktree","status":"publish","type":"page","link":"https:\/\/tribodeestrelas.com.br\/index.php\/linktree\/","title":{"rendered":"Linktree"},"content":{"rendered":"<div id=\"cs-content\" class=\"cs-content\"  >\n<div class=\"e303-1 x-section\">\n      \n<div class=\"e303-2 x-row x-container max width\">\n    <div class=\"x-row-inner\">\n<div class=\"e303-3 x-col\">\n    <img  class=\"x-img x-img-none\"  src=\"https:\/\/tribodeestrelas.com.br\/wp-content\/uploads\/2022\/12\/logotipo-tribo-novo.png\" >  <\/div>\n<\/div>\n  <\/div>\n    <\/div>\n\n<div class=\"e303-5 x-section\">\n      \n<div class=\"e303-6 x-row x-container max width\">\n    <div class=\"x-row-inner\">\n<div class=\"e303-7 x-col\">\n    <div class=\"x-text cs-ta-center\"  ><p>A Tribo de Estrelas \u00e9 algo diferente de tudo que voc\u00ea j\u00e1 viu!. Aqui voc\u00ea se encontra com uma espiritualidade consciente, por entre \u00e1rvores, flores e jardins. Estamos ao sul da Serra de Paranapiacaba em de Tapira\u00ed, na \u00e1rea chamada Serra Negra dos Caetanos. O munic\u00edpio situa-se pr\u00f3ximo a Juqui\u00e1, no Vale do Ribeira e  Piedade, que faz divisa com a famosa Sorocaba.<\/p>\n<\/div><hr  class=\"x-gap\" style=\"margin: 20px 0 0 0;\"><a  class=\"x-btn x-btn-global x-btn-block\"  href=\"https:\/\/api.whatsapp.com\/send?phone=5511976174385&amp;text=Ol\u00e1, tenho interesse em participar do programa VOZES DA TRIBO.\"     data-options=\"thumbnail: ''\"><i  class=\"x-icon mvn mln mrs x-icon-o-caret-circle-right\" data-x-icon-o=\"&#xf330;\" aria-hidden=\"true\"><\/i>PROGRAMA VOZES DA TRIBO<\/a><hr  class=\"x-gap\" style=\"margin: 20px 0 0 0;\"><a  class=\"x-btn x-btn-global x-btn-block\"  href=\"https:\/\/api.whatsapp.com\/send?phone=5511976174385&amp;text=Ol\u00e1, gostaria de mais informa\u00e7\u00f5es sobre o RETIRO NA TRIBO - JANEIRO\"     data-options=\"thumbnail: ''\"><i  class=\"x-icon mvn mln mrs x-icon-o-heart-circle\" data-x-icon-o=\"&#xf4c7;\" aria-hidden=\"true\"><\/i>RETIRO NA TRIBO - JANEIRO<\/a><hr  class=\"x-gap\" style=\"margin: 20px 0 0 0;\"><a  class=\"x-btn x-btn-global x-btn-block\"  href=\"https:\/\/tribodeestrelas.com.br\/index.php\/day-use-passe-o-dia-na-tribo\/\"     data-options=\"thumbnail: ''\"><i  class=\"x-icon mvn mln mrs x-icon-o-heart-circle\" data-x-icon-o=\"&#xf4c7;\" aria-hidden=\"true\"><\/i>PASSE O DIA NA TRIBO - DAY USE<\/a><hr  class=\"x-gap\" style=\"margin: 20px 0 0 0;\"><a  class=\"x-btn x-btn-global x-btn-block\"  href=\"https:\/\/tribodeestrelas.com.br\/\"     data-options=\"thumbnail: ''\"><i  class=\"x-icon mvn mln mrs x-icon-chrome\" data-x-icon-b=\"&#xf268;\" aria-hidden=\"true\"><\/i>CONHE\u00c7A A TRIBO - SITE<\/a><hr  class=\"x-gap\" style=\"margin: 20px 0 0 0;\"><a  class=\"x-btn x-btn-global x-btn-block\"  href=\"https:\/\/www.facebook.com\/groups\/1409204946068672\/?ref=share\"     data-options=\"thumbnail: ''\"><i  class=\"x-icon mvn mln mrs x-icon-facebook\" data-x-icon-b=\"&#xf09a;\" aria-hidden=\"true\"><\/i>GRUPO DE FACEBOOK<\/a><hr  class=\"x-gap\" style=\"margin: 20px 0 0 0;\"><a  class=\"x-btn x-btn-global x-btn-block\"  href=\"https:\/\/m.soundcloud.com\/user-206191834\"     data-options=\"thumbnail: ''\"><i  class=\"x-icon mvn mln mrs x-icon-deezer\" data-x-icon-b=\"&#xe077;\" aria-hidden=\"true\"><\/i>PERFIL NO SOUNDCLOUD - PALESTRAS<\/a><hr  class=\"x-gap\" style=\"margin: 20px 0 0 0;\"><a  class=\"x-btn x-btn-global x-btn-block\"  href=\"https:\/\/www.paypal.com\/donate\/?cmd=_s-xclick&amp;hosted_button_id=XTU6ZLLNESTAE&amp;source=url\"     data-options=\"thumbnail: ''\"><i  class=\"x-icon mvn mln mrs x-icon-o-hands-heart\" data-x-icon-o=\"&#xf4c3;\" aria-hidden=\"true\"><\/i>CONTRIBUA COM A TRIBO<\/a><hr  class=\"x-gap\" style=\"margin: 20px 0 0 0;\"><a  class=\"x-btn x-btn-global x-btn-block\"  href=\"https:\/\/api.whatsapp.com\/send?phone=5511976174385\"     data-options=\"thumbnail: ''\"><i  class=\"x-icon mvn mln mrs x-icon-whatsapp\" data-x-icon-b=\"&#xf232;\" aria-hidden=\"true\"><\/i>FALE CONOSCO - WHATSAPP<\/a><hr  class=\"x-gap\" style=\"margin: 20px 0 0 0;\">  <\/div>\n<\/div>\n  <\/div>\n    <\/div>\n<\/div>\n","protected":false},"excerpt":{"rendered":"<p>A Tribo de Estrelas \u00e9 algo diferente de tudo que voc\u00ea j\u00e1 viu!. Aqui voc\u00ea &#8230; <a href=\"https:\/\/tribodeestrelas.com.br\/index.php\/linktree\/\" class=\"more-link\">Read More<\/a><\/p>\n","protected":false},"author":1,"featured_media":0,"parent":0,"menu_order":0,"comment_status":"closed","ping_status":"closed","template":"template-blank-7.php","meta":{"om_disable_all_campaigns":false,"_monsterinsights_skip_tracking":false,"_monsterinsights_sitenote_active":false,"_monsterinsights_sitenote_note":"","_monsterinsights_sitenote_category":0},"_links":{"self":[{"href":"https:\/\/tribodeestrelas.com.br\/index.php\/wp-json\/wp\/v2\/pages\/303"}],"collection":[{"href":"https:\/\/tribodeestrelas.com.br\/index.php\/wp-json\/wp\/v2\/pages"}],"about":[{"href":"https:\/\/tribodeestrelas.com.br\/index.php\/wp-json\/wp\/v2\/types\/page"}],"author":[{"embeddable":true,"href":"https:\/\/tribodeestrelas.com.br\/index.php\/wp-json\/wp\/v2\/users\/1"}],"replies":[{"embeddable":true,"href":"https:\/\/tribodeestrelas.com.br\/index.php\/wp-json\/wp\/v2\/comments?post=303"}],"version-history":[{"count":8,"href":"https:\/\/tribodeestrelas.com.br\/index.php\/wp-json\/wp\/v2\/pages\/303\/revisions"}],"predecessor-version":[{"id":325,"href":"https:\/\/tribodeestrelas.com.br\/index.php\/wp-json\/wp\/v2\/pages\/303\/revisions\/325"}],"wp:attachment":[{"href":"https:\/\/tribodeestrelas.com.br\/index.php\/wp-json\/wp\/v2\/media?parent=303"}],"curies":[{"name":"wp","href":"https:\/\/api.w.org\/{rel}","templated":true}]}}