{"id":112,"date":"2022-04-29T16:46:48","date_gmt":"2022-04-29T19:46:48","guid":{"rendered":"https:\/\/tribodeestrelas.com.br\/?page_id=112"},"modified":"2024-01-07T12:20:04","modified_gmt":"2024-01-07T15:20:04","slug":"reservas-e-contato","status":"publish","type":"page","link":"https:\/\/tribodeestrelas.com.br\/index.php\/reservas-e-contato\/","title":{"rendered":"Reservas e Contato"},"content":{"rendered":"<div id=\"cs-content\" class=\"cs-content\"  >\n<div class=\"e112-1 x-section\">\n      \n<div class=\"e112-2 x-row x-container max width\">\n    <div class=\"x-row-inner\">\n<div class=\"e112-3 x-col\">\n    <hr  class=\"x-gap\" style=\"margin: 20px 0 0 0;\">\n<div class=\"e112-5 x-text\">\n  Voc\u00ea quer reservar uma data ou tem duvida sobre algo? Clique no bot\u00e3o abaixo para iniciar uma conversa comigo, vou tentar te ajudar da melhor forma poss\u00edvel!<\/div>\n<hr  class=\"x-gap\" style=\"margin: 20px 0 0 0;\"><a  class=\"x-btn x-btn-global x-btn-block\"  href=\"https:\/\/wa.me\/5511976174385\"  target=\"_blank\" rel=\"\"   data-options=\"thumbnail: ''\">INICIE UMA CONVERSA<i  class=\"x-icon mvn mls mrn x-icon-o-angle-double-right\" data-x-icon-o=\"&#xf101;\" aria-hidden=\"true\"><\/i><\/a><hr  class=\"x-gap\" style=\"margin: 20px 0 0 0;\"><h2  class=\"h-custom-headline mtn h3\" ><span>Tribo de Estrelas<\/span><\/h2><hr  class=\"x-gap\" style=\"margin: 20px 0 0 0;\"><div class=\"x-text\"  ><p>TPR 239 - Estrada Tribo de Estrelas, Km 01, Serra Negra dos Caetanos, Bairro Valandros, Caixa postal 29, CEP 18180-000<br \/>\nTapira\u00ed - SP - Brasil<\/p>\n<\/div><h2  class=\"h-custom-headline mtn h4\" ><span>Whatsapp reservas: <br>(11) 97617-4385 - Jos\u00e9\n<\/span><\/h2><a  class=\"x-btn x-btn-flat x-btn-global x-btn-block\"  href=\"mailto:tribodeestrelas@gmail.com\"  target=\"_blank\" rel=\"\"   data-options=\"thumbnail: ''\">TRIBODEESTRELAS@GMAIL.COM<i  class=\"x-icon mvn mls mrn x-icon-o-angle-double-right\" data-x-icon-o=\"&#xf101;\" aria-hidden=\"true\"><\/i><\/a>  <\/div>\n<\/div>\n  <\/div>\n    <\/div>\n<\/div>\n","protected":false},"excerpt":{"rendered":"<p>Voc\u00ea quer reservar uma data ou tem duvida sobre algo? Clique no bot\u00e3o abaixo para &#8230; <a href=\"https:\/\/tribodeestrelas.com.br\/index.php\/reservas-e-contato\/\" class=\"more-link\">Read More<\/a><\/p>\n","protected":false},"author":1,"featured_media":0,"parent":0,"menu_order":0,"comment_status":"closed","ping_status":"closed","template":"","meta":{"om_disable_all_campaigns":false,"_monsterinsights_skip_tracking":false,"_monsterinsights_sitenote_active":false,"_monsterinsights_sitenote_note":"","_monsterinsights_sitenote_category":0},"_links":{"self":[{"href":"https:\/\/tribodeestrelas.com.br\/index.php\/wp-json\/wp\/v2\/pages\/112"}],"collection":[{"href":"https:\/\/tribodeestrelas.com.br\/index.php\/wp-json\/wp\/v2\/pages"}],"about":[{"href":"https:\/\/tribodeestrelas.com.br\/index.php\/wp-json\/wp\/v2\/types\/page"}],"author":[{"embeddable":true,"href":"https:\/\/tribodeestrelas.com.br\/index.php\/wp-json\/wp\/v2\/users\/1"}],"replies":[{"embeddable":true,"href":"https:\/\/tribodeestrelas.com.br\/index.php\/wp-json\/wp\/v2\/comments?post=112"}],"version-history":[{"count":18,"href":"https:\/\/tribodeestrelas.com.br\/index.php\/wp-json\/wp\/v2\/pages\/112\/revisions"}],"predecessor-version":[{"id":406,"href":"https:\/\/tribodeestrelas.com.br\/index.php\/wp-json\/wp\/v2\/pages\/112\/revisions\/406"}],"wp:attachment":[{"href":"https:\/\/tribodeestrelas.com.br\/index.php\/wp-json\/wp\/v2\/media?parent=112"}],"curies":[{"name":"wp","href":"https:\/\/api.w.org\/{rel}","templated":true}]}}